{"id":28737,"date":"2021-03-30T08:19:52","date_gmt":"2021-03-30T08:19:52","guid":{"rendered":"https:\/\/www.video-sound.ro\/politica-de-cookies\/"},"modified":"2021-03-30T08:19:52","modified_gmt":"2021-03-30T08:19:52","slug":"politica-de-cookies","status":"publish","type":"page","link":"https:\/\/www.video-sound.ro\/es\/politica-de-cookies\/","title":{"rendered":"Pol\u00edtica de cookies"},"content":{"rendered":"<div class=\"et_d4_element et_pb_section et_pb_section_0 et_pb_with_background  et_pb_css_mix_blend_mode et_section_regular et_block_section\" >\n\t\t\t\t\n\t\t\t\t\n\t\t\t\t\n\t\t\t\t\n\t\t\t\t\n\t\t\t\t\n\t\t\t\t<div class=\"et_d4_element et_pb_row et_pb_row_0  et_pb_css_mix_blend_mode et_block_row\">\n\t\t\t\t<div class=\"et_d4_element et_pb_column_4_4 et_pb_column et_pb_column_0  et_pb_css_mix_blend_mode et-last-child et_block_column\">\n\t\t\t\t\n\t\t\t\t\n\t\t\t\t\n\t\t\t\t\n\t\t\t\t<div class=\"et_pb_module et_d4_element et_pb_text et_pb_text_0  et_pb_text_align_left et_pb_bg_layout_light\">\n\t\t\t\t\n\t\t\t\t\n\t\t\t\t\n\t\t\t\t\n\t\t\t\t<div class=\"et_pb_text_inner\"><div class=\"et_pb_module et_pb_text et_pb_text_0 et_pb_bg_layout_light  et_pb_text_align_left\">\n<div class=\"et_pb_text_inner\">\n<h1><strong>Politica de Cookies<\/strong><\/h1>\n<\/div>\n<\/div>\n<div class=\"et_pb_module et_pb_text et_pb_text_1 et_pb_bg_layout_light  et_pb_text_align_left\">\n<div class=\"et_pb_text_inner\">\n<p>1. Introducci\u00f3n<\/p>\n<p>Esta pol\u00edtica de cookies se aplica a todos los usuarios del sitio web https:\/\/www.video-sound.ro. La informaci\u00f3n que se presenta a continuaci\u00f3n tiene como objetivo informar a los usuarios de este sitio web sobre la colocaci\u00f3n, uso y administraci\u00f3n de cookies por VIDEO SOUND en el contexto de los usuarios que navegan por este sitio web.<\/p>\n<p>2. \u00bfQu\u00e9 son las cookies?<\/p>\n<p>Utilizamos el t\u00e9rmino \"cookies\" para referirnos a cookies y tecnolog\u00edas similares a trav\u00e9s de las cuales se puede recopilar informaci\u00f3n autom\u00e1ticamente. Una \"cookie de Internet\" (tambi\u00e9n conocida como \"cookie del navegador\" o \"cookie HTTP\" o \"cookie\") es un peque\u00f1o archivo, que consta de letras y n\u00fameros, que se almacenar\u00e1 en su computadora, terminal m\u00f3vil u otro equipo de un usuario a trav\u00e9s del cual se accede a Internet.<br \/>Las cookies se instalan a petici\u00f3n de un servidor web en un navegador (por ejemplo, Internet Explorer, Firefox, Chrome). Una vez instaladas, las cookies tienen una vida \u00fatil determinada, permaneciendo \"pasivas\", en el sentido de que no contienen software, virus o spyware y no acceder\u00e1n a la informaci\u00f3n del disco duro del usuario en cuyo equipo fueron instaladas.<\/p>\n<p>Una cookie consta de dos partes:<\/p>\n<p>- el nombre de la cookie; y<br \/>- el contenido o valor de la cookie.<\/p>\n<p>Desde un punto de vista t\u00e9cnico, solo el servidor web que envi\u00f3 la cookie puede volver a acceder cuando un usuario vuelve a la p\u00e1gina web asociada a ese servidor web.<\/p>\n<p>3. Con qu\u00e9 finalidad se utilizan las cookies a trav\u00e9s de este sitio web:<\/p>\n<p>Las cookies se utilizan para proporcionar a los usuarios de este sitio web una mejor experiencia de navegaci\u00f3n y servicios adaptados a las necesidades e intereses de cada individuo, a saber:<\/p>\n<p>mejorar el uso de este sitio web, incluso identificando cualquier error que ocurra durante su visita \/ uso por parte de los usuarios;<br \/>proporcionar estad\u00edsticas an\u00f3nimas sobre c\u00f3mo se utiliza este sitio web al propietario del sitio web, como propietario de este sitio web;<br \/>anticipaci\u00f3n de los bienes que se pondr\u00e1n a disposici\u00f3n de los usuarios en el futuro a trav\u00e9s de este sitio web, en funci\u00f3n de los servicios \/ productos a los que se acceda.<\/p>\n<p>Seg\u00fan los comentarios enviados a trav\u00e9s de las cookies sobre c\u00f3mo se utiliza este sitio web, el propietario del sitio web puede tomar medidas para que este sitio web sea m\u00e1s eficiente y accesible para los usuarios.<br \/>Por lo tanto, el uso de cookies permite el almacenamiento de ciertas configuraciones \/ preferencias establecidas por los usuarios de este sitio web.<\/p>\n<p>4. \u00bfCu\u00e1l es la vida \u00fatil de las cookies?<\/p>\n<p>La vida \u00fatil de las cookies puede variar significativamente, seg\u00fan el prop\u00f3sito para el que se colocan. Existen las siguientes categor\u00edas de cookies que tambi\u00e9n determinan su vida \u00fatil:<\/p>\n<p>Cookies de sesi\u00f3n: una \"cookie de sesi\u00f3n\" es una cookie que se elimina autom\u00e1ticamente cuando el usuario cierra su navegador.<\/p>\n<p>Cookies persistentes o fijas: una cookie \"persistente\" o \"fija\" es una cookie que permanece almacenada en el terminal del usuario hasta que alcanza una determinada fecha de caducidad (que puede ser en unos minutos, d\u00edas o varios a\u00f1os en el futuro) o hasta cuando el usuario lo elimina en cualquier momento a trav\u00e9s de la configuraci\u00f3n del navegador.<\/p>\n<p>5. \u00bfQu\u00e9 son las cookies colocadas por terceros?<\/p>\n<p>Ciertas secciones del contenido del sitio web pueden ser proporcionadas a trav\u00e9s de terceros, es decir, no por el propietario del sitio web, en cuyo caso estas cookies se denominan cookies de terceros.<br \/>Los proveedores de cookies de terceros tambi\u00e9n deben cumplir con las reglas de protecci\u00f3n de datos y la Pol\u00edtica de privacidad disponibles en este sitio web.<br \/>Estas cookies pueden provenir de los siguientes terceros: Google Analytics, Facebook.<\/p>\n<p>6. Qu\u00e9 cookies se utilizan a trav\u00e9s de este sitio web:<\/p>\n<p>Al usar \/ visitar el sitio web, se pueden colocar las siguientes cookies:<\/p>\n<p>a. Cookies de rendimiento del sitio web;<br \/>b. Cookies de an\u00e1lisis de usuarios;<br \/>c. Cookies de orientaci\u00f3n geogr\u00e1fica;<br \/>d. Cookies de registro;<br \/>e. Cookies para publicidad;<br \/>f. Cookies de proveedores de publicidad;<\/p>\n<p>a. Cookies de rendimiento<\/p>\n<p>Este tipo de cookie almacena las preferencias del usuario para este sitio web, por lo que ya no es necesario restablecer las preferencias cuando visita el sitio web.<\/p>\n<p>b. Cookies de an\u00e1lisis de usuarios<\/p>\n<p>Estas cookies nos informan si un determinado usuario del sitio web ha visitado \/ utilizado este sitio web anteriormente. Estas cookies se utilizan \u00fanicamente con fines estad\u00edsticos.<\/p>\n<p>c. Cookies de segmentaci\u00f3n geogr\u00e1fica<\/p>\n<p>Estas cookies son utilizadas por un software que determina el pa\u00eds de origen del usuario del sitio web. Se recibir\u00e1n los mismos anuncios independientemente del idioma seleccionado<\/p>\n<p>d. Cookies de registro<\/p>\n<p>Cuando te registras en este sitio, se generan cookies que almacenan este proceso. Los servidores utilizan estas cookies para mostrarnos la cuenta con la que est\u00e1 registrado. Adem\u00e1s, el uso de estas cookies nos permite asociar cualquier comentario publicado en el sitio web con el nombre de usuario de la cuenta utilizada. Si la opci\u00f3n \"mantenerme conectado\" no est\u00e1 seleccionada, estas cookies se eliminar\u00e1n autom\u00e1ticamente al final de la sesi\u00f3n de navegaci\u00f3n.<\/p>\n<p><strong>\u00a0<\/strong><\/p>\n<p>e. Cookies para publicidad<\/p>\n<p>Estas cookies nos permiten saber cu\u00e1ndo un usuario visualiza un anuncio online, su tipo y el tiempo transcurrido desde que visualiza el respectivo mensaje publicitario. Como tal, estas cookies se utilizan para orientar la publicidad en l\u00ednea. Estas cookies son an\u00f3nimas y almacenan informaci\u00f3n sobre el contenido visto, no sobre los usuarios.<\/p>\n<p>7. \u00bfQu\u00e9 tipo de informaci\u00f3n se almacena y se accede a trav\u00e9s de las cookies?<\/p>\n<p>Las cookies almacenan informaci\u00f3n en un peque\u00f1o archivo de texto que permite el reconocimiento del navegador. Este sitio web reconoce el navegador hasta que las cookies caducan o se eliminan.<\/p>\n<p>8. Personalice la configuraci\u00f3n de su navegador para las cookies<\/p>\n<p>Si el uso de cookies no es molesto y solo usted utiliza la computadora o el equipo t\u00e9cnico utilizado para navegar en este sitio web, es posible que se establezcan fechas de vencimiento largas para almacenar su historial de navegaci\u00f3n.<br \/>Si la computadora o el equipo t\u00e9cnico utilizado para navegar en este sitio web es utilizado por m\u00e1s de una persona, se puede considerar la configuraci\u00f3n para eliminar los datos de navegaci\u00f3n individuales cada vez que se cierra el navegador.<\/p>\n<p>9. \u00bfC\u00f3mo se pueden detener las cookies?<\/p>\n<p>Deshabilitar y negarse a recibir cookies puede dificultar la visita de este sitio web, lo que genera limitaciones en su uso.<br \/>Los usuarios pueden configurar su navegador para rechazar cookies o aceptar cookies de un sitio web espec\u00edfico.<br \/>Todos los navegadores modernos ofrecen la posibilidad de cambiar la configuraci\u00f3n de las cookies. Se puede acceder a estas configuraciones, por regla general, en la secci\u00f3n \"opciones\" o en el men\u00fa \"preferencias\" de su navegador.<br \/>Sin embargo, rechazar o deshabilitar las cookies no significa que ya no recibir\u00e1 publicidad en l\u00ednea, sino solo que no se adaptar\u00e1 a sus preferencias e intereses, resaltados por su comportamiento de navegaci\u00f3n.<\/p>\n<p>Para comprender esta configuraci\u00f3n, los siguientes enlaces pueden ser \u00fatiles:<\/p>\n<p>Configuraci\u00f3n de cookies en Internet Explorer<\/p>\n<p>Configuraci\u00f3n de cookies en Firefox<\/p>\n<p>Configuraci\u00f3n de cookies en Chrome<\/p>\n<p>Configuraci\u00f3n de cookies en Safari<\/p>\n<p>Para cualquier pregunta adicional sobre c\u00f3mo se utilizan las cookies a trav\u00e9s de este sitio web, comun\u00edquese con: office@video-sound.ro<\/p>\n<\/div>\n<\/div><\/div>\n\t\t\t<\/div>\n\t\t\t<\/div>\n\t\t\t\t\n\t\t\t\t\n\t\t\t\t\n\t\t\t\t\n\t\t\t<\/div>\n\t\t\t\t\n\t\t\t\t\n\t\t\t<\/div>\n","protected":false},"excerpt":{"rendered":"","protected":false},"author":3,"featured_media":0,"parent":0,"menu_order":0,"comment_status":"closed","ping_status":"closed","template":"","meta":{"_et_pb_use_builder":"on","_et_pb_old_content":"","_et_gb_content_width":"","footnotes":""},"class_list":["post-28737","page","type-page","status-publish","hentry"],"yoast_head":"<!-- This site is optimized with the Yoast SEO plugin v27.1.1 - https:\/\/yoast.com\/product\/yoast-seo-wordpress\/ -->\n<title>Pol\u00edtica de cookies - Video - Sound<\/title>\n<meta name=\"robots\" content=\"noindex, nofollow\" \/>\n<meta property=\"og:locale\" content=\"es_ES\" \/>\n<meta property=\"og:type\" content=\"article\" \/>\n<meta property=\"og:title\" content=\"Pol\u00edtica de cookies - Video - Sound\" \/>\n<meta property=\"og:url\" content=\"https:\/\/www.video-sound.ro\/es\/politica-de-cookies\/\" \/>\n<meta property=\"og:site_name\" content=\"Video - Sound\" \/>\n<meta name=\"twitter:card\" content=\"summary_large_image\" \/>\n<meta name=\"twitter:label1\" content=\"Tiempo de lectura\" \/>\n\t<meta name=\"twitter:data1\" content=\"7 minutos\" \/>\n<script type=\"application\/ld+json\" class=\"yoast-schema-graph\">{\"@context\":\"https:\/\/schema.org\",\"@graph\":[{\"@type\":\"WebPage\",\"@id\":\"https:\/\/www.video-sound.ro\/es\/politica-de-cookies\/\",\"url\":\"https:\/\/www.video-sound.ro\/es\/politica-de-cookies\/\",\"name\":\"Pol\u00edtica de cookies - Video - Sound\",\"isPartOf\":{\"@id\":\"https:\/\/www.video-sound.ro\/#website\"},\"datePublished\":\"2021-03-30T08:19:52+00:00\",\"breadcrumb\":{\"@id\":\"https:\/\/www.video-sound.ro\/es\/politica-de-cookies\/#breadcrumb\"},\"inLanguage\":\"es\",\"potentialAction\":[{\"@type\":\"ReadAction\",\"target\":[\"https:\/\/www.video-sound.ro\/es\/politica-de-cookies\/\"]}]},{\"@type\":\"BreadcrumbList\",\"@id\":\"https:\/\/www.video-sound.ro\/es\/politica-de-cookies\/#breadcrumb\",\"itemListElement\":[{\"@type\":\"ListItem\",\"position\":1,\"name\":\"Prima pagin\u0103\",\"item\":\"https:\/\/www.video-sound.ro\/es\/\"},{\"@type\":\"ListItem\",\"position\":2,\"name\":\"Pol\u00edtica de cookies\"}]},{\"@type\":\"WebSite\",\"@id\":\"https:\/\/www.video-sound.ro\/#website\",\"url\":\"https:\/\/www.video-sound.ro\/\",\"name\":\"Video - Sound\",\"description\":\"Video - Sound\",\"potentialAction\":[{\"@type\":\"SearchAction\",\"target\":{\"@type\":\"EntryPoint\",\"urlTemplate\":\"https:\/\/www.video-sound.ro\/?s={search_term_string}\"},\"query-input\":{\"@type\":\"PropertyValueSpecification\",\"valueRequired\":true,\"valueName\":\"search_term_string\"}}],\"inLanguage\":\"es\"}]}<\/script>\n<!-- \/ Yoast SEO plugin. -->","yoast_head_json":{"title":"Pol\u00edtica de cookies - Video - Sound","robots":{"index":"noindex","follow":"nofollow"},"og_locale":"es_ES","og_type":"article","og_title":"Pol\u00edtica de cookies - Video - Sound","og_url":"https:\/\/www.video-sound.ro\/es\/politica-de-cookies\/","og_site_name":"Video - Sound","twitter_card":"summary_large_image","twitter_misc":{"Tiempo de lectura":"7 minutos"},"schema":{"@context":"https:\/\/schema.org","@graph":[{"@type":"WebPage","@id":"https:\/\/www.video-sound.ro\/es\/politica-de-cookies\/","url":"https:\/\/www.video-sound.ro\/es\/politica-de-cookies\/","name":"Pol\u00edtica de cookies - Video - Sound","isPartOf":{"@id":"https:\/\/www.video-sound.ro\/#website"},"datePublished":"2021-03-30T08:19:52+00:00","breadcrumb":{"@id":"https:\/\/www.video-sound.ro\/es\/politica-de-cookies\/#breadcrumb"},"inLanguage":"es","potentialAction":[{"@type":"ReadAction","target":["https:\/\/www.video-sound.ro\/es\/politica-de-cookies\/"]}]},{"@type":"BreadcrumbList","@id":"https:\/\/www.video-sound.ro\/es\/politica-de-cookies\/#breadcrumb","itemListElement":[{"@type":"ListItem","position":1,"name":"Prima pagin\u0103","item":"https:\/\/www.video-sound.ro\/es\/"},{"@type":"ListItem","position":2,"name":"Pol\u00edtica de cookies"}]},{"@type":"WebSite","@id":"https:\/\/www.video-sound.ro\/#website","url":"https:\/\/www.video-sound.ro\/","name":"Video - Sound","description":"Video - Sound","potentialAction":[{"@type":"SearchAction","target":{"@type":"EntryPoint","urlTemplate":"https:\/\/www.video-sound.ro\/?s={search_term_string}"},"query-input":{"@type":"PropertyValueSpecification","valueRequired":true,"valueName":"search_term_string"}}],"inLanguage":"es"}]}},"_links":{"self":[{"href":"https:\/\/www.video-sound.ro\/es\/wp-json\/wp\/v2\/pages\/28737","targetHints":{"allow":["GET"]}}],"collection":[{"href":"https:\/\/www.video-sound.ro\/es\/wp-json\/wp\/v2\/pages"}],"about":[{"href":"https:\/\/www.video-sound.ro\/es\/wp-json\/wp\/v2\/types\/page"}],"author":[{"embeddable":true,"href":"https:\/\/www.video-sound.ro\/es\/wp-json\/wp\/v2\/users\/3"}],"replies":[{"embeddable":true,"href":"https:\/\/www.video-sound.ro\/es\/wp-json\/wp\/v2\/comments?post=28737"}],"version-history":[{"count":2,"href":"https:\/\/www.video-sound.ro\/es\/wp-json\/wp\/v2\/pages\/28737\/revisions"}],"predecessor-version":[{"id":28739,"href":"https:\/\/www.video-sound.ro\/es\/wp-json\/wp\/v2\/pages\/28737\/revisions\/28739"}],"wp:attachment":[{"href":"https:\/\/www.video-sound.ro\/es\/wp-json\/wp\/v2\/media?parent=28737"}],"curies":[{"name":"wp","href":"https:\/\/api.w.org\/{rel}","templated":true}]}}